{"id":23,"date":"2022-04-11T20:36:25","date_gmt":"2022-04-11T20:36:25","guid":{"rendered":"https:\/\/projetos.verisites.com.br\/mobiliar\/?post_type=product&#038;p=23"},"modified":"2022-04-22T12:44:32","modified_gmt":"2022-04-22T12:44:32","slug":"poltrona-decorativa-opala-pes-palito","status":"publish","type":"product","link":"https:\/\/projetos.verisites.com.br\/mobiliar\/product\/poltrona-decorativa-opala-pes-palito\/","title":{"rendered":"Poltrona Decorativa Opala Sala de Estar P\u00e9s Palito"},"content":{"rendered":"<h2>Poltrona Decorativa Opala Sala de Estar P\u00e9s Palito<\/h2>\n<p>Para um ambiente de bom gosto e bem decorado, essa poltrona foi desenvolvido com o que h\u00e1 de modernO. Design inovador e muita beleza.<br \/>\nA poltrona Opala \u00e9 a pe\u00e7a chave para compor qualquer ambiente, contando com costuras de alta qualidade e m\u00e1t\u00e9ria prima de primeira.<br \/>\nSempre desenvolvemos nossos produtos pensando em atender a necessidade do cliente, colocando conforto e qualidade sempre a frente.<\/p>\n<p>A poltrona opala conta com mat\u00e9ria prima de primeira qualidade, utilizamos madeira maci\u00e7a eucalipto para estruturas, utilizamos grampos galvanizados para fixa\u00e7\u00e3o, percintas italianas no encosto e assento tornando assim o conforto inigual\u00e1vel,<br \/>\nconta com forra\u00e7\u00e3o de tecido, espumas d-23 nos bra\u00e7os e espuma d-26 no assento e encosto, acabamento em tecido suede classe A. Os p\u00e9s, s\u00e3o de madeira maci\u00e7a torneados acabamento com cera transparente.<\/p>\n<p>Medidas (cm)<br \/>\nAltura 83cm<br \/>\nLargura 63cm<br \/>\nComprimento 75cm<\/p>\n<p>Recomenda\u00e7\u00f5es:<br \/>\nPeso suportado: 150kg<\/p>\n<p>N\u00e3o expor ao sol, n\u00e3o utilizar produtos qu\u00edmicos para limpeza, manter longe da umidade, n\u00e3o lavar.<\/p>\n<p>Limpeza: Pano umedecido com \u00e1gua.<\/p>\n<p>Garantia de f\u00e1brica 3 meses.<\/p>\n","protected":false},"excerpt":{"rendered":"<p>Para um ambiente de bom gosto e bem decorado, essa poltrona foi desenvolvido com o que h\u00e1 de mais moderno.<\/p>\n<p>Design inovador e muita beleza.<\/p>\n<p>A poltrona Opala \u00e9 a pe\u00e7a chave para compor qualquer ambiente, contando com costuras de alta qualidade e mat\u00e9ria-prima de primeira.<\/p>\n<p>Sempre desenvolvemos nossos produtos pensando em atender a necessidade do cliente, colocando conforto e qualidade sempre a frente.<\/p>\n","protected":false},"featured_media":32,"comment_status":"open","ping_status":"closed","template":"","meta":[],"product_brand":[],"product_cat":[17,22,18],"product_tag":[],"class_list":{"0":"post-23","1":"product","2":"type-product","3":"status-publish","4":"has-post-thumbnail","6":"product_cat-moveis","7":"product_cat-poltronas","8":"product_cat-sala-de-estar","10":"first","11":"instock","12":"sale","13":"shipping-taxable","14":"purchasable","15":"product-type-variable"},"_links":{"self":[{"href":"https:\/\/projetos.verisites.com.br\/mobiliar\/wp-json\/wp\/v2\/product\/23","targetHints":{"allow":["GET"]}}],"collection":[{"href":"https:\/\/projetos.verisites.com.br\/mobiliar\/wp-json\/wp\/v2\/product"}],"about":[{"href":"https:\/\/projetos.verisites.com.br\/mobiliar\/wp-json\/wp\/v2\/types\/product"}],"replies":[{"embeddable":true,"href":"https:\/\/projetos.verisites.com.br\/mobiliar\/wp-json\/wp\/v2\/comments?post=23"}],"wp:featuredmedia":[{"embeddable":true,"href":"https:\/\/projetos.verisites.com.br\/mobiliar\/wp-json\/wp\/v2\/media\/32"}],"wp:attachment":[{"href":"https:\/\/projetos.verisites.com.br\/mobiliar\/wp-json\/wp\/v2\/media?parent=23"}],"wp:term":[{"taxonomy":"product_brand","embeddable":true,"href":"https:\/\/projetos.verisites.com.br\/mobiliar\/wp-json\/wp\/v2\/product_brand?post=23"},{"taxonomy":"product_cat","embeddable":true,"href":"https:\/\/projetos.verisites.com.br\/mobiliar\/wp-json\/wp\/v2\/product_cat?post=23"},{"taxonomy":"product_tag","embeddable":true,"href":"https:\/\/projetos.verisites.com.br\/mobiliar\/wp-json\/wp\/v2\/product_tag?post=23"}],"curies":[{"name":"wp","href":"https:\/\/api.w.org\/{rel}","templated":true}]}}