{"id":19,"date":"2022-04-11T20:14:09","date_gmt":"2022-04-11T20:14:09","guid":{"rendered":"https:\/\/projetos.verisites.com.br\/mobiliar\/?post_type=product&#038;p=19"},"modified":"2022-04-22T12:40:48","modified_gmt":"2022-04-22T12:40:48","slug":"rack-pine-com-2-portas-rosa-claro","status":"publish","type":"product","link":"https:\/\/projetos.verisites.com.br\/mobiliar\/product\/rack-pine-com-2-portas-rosa-claro\/","title":{"rendered":"Rack Pine Decorativo Sala de Estar Home c\/2 Portas"},"content":{"rendered":"<h2>Rack Pine Decorativo Sala de Estar Home c\/2 Portas<\/h2>\n<p>O Rack Pine com 2 Portas &#8211; Rosa Claro vai mudar a sua casa para melhor, sua sala de estar ficar\u00e1 mais charmosa, e seus DVD&#8217;s e CD&#8217;s n\u00e3o ficar\u00e3o mais perdidos por a\u00ed, pois poder\u00e3o ficar guardados dentro do rack, afinal sua sala merece ficar mais organizada.<\/p>\n<p>Queridinha da Vero, a Cole\u00e7\u00e3o Pine \u00e9 composta por produtos \u00fateis, dessa forma eles deixar\u00e3o seu espa\u00e7o lindo e funcional.<\/p>\n<p>De linhas simples e com muito espa\u00e7o para armazenar produtos, a Pine \u00e9 ideal para quem procura por m\u00f3veis vers\u00e1teis e atemporais.<\/p>\n<p>INFORMA\u00c7\u00c3O T\u00c9CNICA RACK PINE COM 2 PORTAS &#8211; ROSA CLARO<\/p>\n<p>A estrutura, portas e prateleiras do criado s\u00e3o produzidos em MDF com acabamento em laca (pintura). E os p\u00e9s, em pinus com acabamento em verniz.<\/p>\n<p>Dobradi\u00e7as blum.<\/p>\n<p>Montagem: 2 pessoas, tempo 60 min.<\/p>\n<p>Carga m\u00e1xima suportada: 60kg no tampo e 20kg em cada prateleira &#8211; peso distribu\u00eddo uniformemente entre a superf\u00edcie conforme imagem ilustrativa do produto.<\/p>\n<p>Dimens\u00e3o 120 x 63 x 45 cm (largura x altura x profundidade).<\/p>\n<p>Produto desenvolvido para uso em \u00e1reas internas.<\/p>\n<p>Pode haver varia\u00e7\u00e3o de tonalidades e veios.<\/p>\n<p>Possui dispositivo de seguran\u00e7a &#8211; permite que seu m\u00f3vel seja fixo na parede evitando acidentes.<\/p>\n<p>ATEN\u00c7\u00c3O! PRODUTO SOFREU ALTERA\u00c7\u00c3O!<\/p>\n<p>Furo que passa fios nos 3 fundos do rack.<\/p>\n<p>Rack com fundo colorido na frente e cru na traseira.<\/p>\n<p>&nbsp;<\/p>\n<p>&nbsp;<\/p>\n","protected":false},"excerpt":{"rendered":"<p>O Rack Pine com 2 Portas &#8211; Rosa Claro vai mudar a sua casa para melhor, sua sala de estar ficar\u00e1 mais charmosa, e seus DVD&#8217;s e CD&#8217;s n\u00e3o ficar\u00e3o mais perdidos por a\u00ed, pois poder\u00e3o ficar guardados dentro do rack, afinal sua sala merece ficar mais organizada.<\/p>\n<p>Queridinha da Vero, a Cole\u00e7\u00e3o Pine \u00e9 composta por produtos \u00fateis, dessa forma eles deixar\u00e3o seu espa\u00e7o lindo e funcional.<\/p>\n<p>De linhas simples e com muito espa\u00e7o para armazenar produtos, a Pine \u00e9 ideal para quem procura por m\u00f3veis vers\u00e1teis e atemporais.<\/p>\n","protected":false},"featured_media":20,"comment_status":"open","ping_status":"closed","template":"","meta":[],"product_brand":[],"product_cat":[17,24,18],"product_tag":[],"class_list":{"0":"post-19","1":"product","2":"type-product","3":"status-publish","4":"has-post-thumbnail","6":"product_cat-moveis","7":"product_cat-racks-e-paineis","8":"product_cat-sala-de-estar","10":"first","11":"instock","12":"sale","13":"shipping-taxable","14":"purchasable","15":"product-type-simple"},"_links":{"self":[{"href":"https:\/\/projetos.verisites.com.br\/mobiliar\/wp-json\/wp\/v2\/product\/19","targetHints":{"allow":["GET"]}}],"collection":[{"href":"https:\/\/projetos.verisites.com.br\/mobiliar\/wp-json\/wp\/v2\/product"}],"about":[{"href":"https:\/\/projetos.verisites.com.br\/mobiliar\/wp-json\/wp\/v2\/types\/product"}],"replies":[{"embeddable":true,"href":"https:\/\/projetos.verisites.com.br\/mobiliar\/wp-json\/wp\/v2\/comments?post=19"}],"wp:featuredmedia":[{"embeddable":true,"href":"https:\/\/projetos.verisites.com.br\/mobiliar\/wp-json\/wp\/v2\/media\/20"}],"wp:attachment":[{"href":"https:\/\/projetos.verisites.com.br\/mobiliar\/wp-json\/wp\/v2\/media?parent=19"}],"wp:term":[{"taxonomy":"product_brand","embeddable":true,"href":"https:\/\/projetos.verisites.com.br\/mobiliar\/wp-json\/wp\/v2\/product_brand?post=19"},{"taxonomy":"product_cat","embeddable":true,"href":"https:\/\/projetos.verisites.com.br\/mobiliar\/wp-json\/wp\/v2\/product_cat?post=19"},{"taxonomy":"product_tag","embeddable":true,"href":"https:\/\/projetos.verisites.com.br\/mobiliar\/wp-json\/wp\/v2\/product_tag?post=19"}],"curies":[{"name":"wp","href":"https:\/\/api.w.org\/{rel}","templated":true}]}}