{"id":526,"date":"2022-04-13T21:07:13","date_gmt":"2022-04-13T21:07:13","guid":{"rendered":"https:\/\/projetos.verisites.com.br\/mobiliar\/?page_id=526"},"modified":"2022-04-22T12:52:51","modified_gmt":"2022-04-22T12:52:51","slug":"lista-de-favoritos","status":"publish","type":"page","link":"https:\/\/projetos.verisites.com.br\/mobiliar\/lista-de-favoritos\/","title":{"rendered":"Lista de Favoritos"},"content":{"rendered":"\t\t<div data-elementor-type=\"wp-page\" data-elementor-id=\"526\" class=\"elementor elementor-526\" data-elementor-post-type=\"page\">\n\t\t\t\t\t\t<section class=\"elementor-section elementor-top-section elementor-element elementor-element-23c5adf elementor-section-boxed elementor-section-height-default elementor-section-height-default\" data-id=\"23c5adf\" data-element_type=\"section\" data-settings=\"{&quot;jet_parallax_layout_list&quot;:[]}\">\n\t\t\t\t\t\t<div class=\"elementor-container elementor-column-gap-default\">\n\t\t\t\t\t<div class=\"elementor-column elementor-col-100 elementor-top-column elementor-element elementor-element-5dc7d55\" data-id=\"5dc7d55\" data-element_type=\"column\">\n\t\t\t<div class=\"elementor-widget-wrap elementor-element-populated\">\n\t\t\t\t\t\t<div class=\"elementor-element elementor-element-13b584d elementor-widget elementor-widget-jet-wishlist\" data-id=\"13b584d\" data-element_type=\"widget\" data-widget_type=\"jet-wishlist.default\">\n\t\t\t\t<div class=\"elementor-widget-container\">\n\t\t\t\t\t<div class=\"jet-cw jet-wishlist\">\t\t\t<div class=\"jet-wishlist__content woocommerce jet-wishlist-products--preset-1\" data-widget-type=\"jet-wishlist\" data-widget-id=\"13b584d\">\n\t\t\t\t<h5 class=\"jet-wishlist-empty\">Sua lista est\u00e1 vazia!<\/h5>\n\t\t\t<\/div>\n\t\t\t<\/div>\t\t\t\t<\/div>\n\t\t\t\t<\/div>\n\t\t\t\t\t<\/div>\n\t\t<\/div>\n\t\t\t\t\t<\/div>\n\t\t<\/section>\n\t\t\t\t<\/div>\n\t\t","protected":false},"excerpt":{"rendered":"<p>Poltrona Decorativa Opala Sala de Estar P\u00e9s Palito &#82;&#36;&nbsp;599,00 &#82;&#36;&nbsp;399,00Ver op\u00e7\u00f5es Sof\u00e1 Living P\u00e9 Palito Linho Cotton com 3 Lugares &#82;&#36;&nbsp;1.599,00 &#82;&#36;&nbsp;1.050,00Ver op\u00e7\u00f5es Conjunto Mesa de Jantar Dubai com 4 Cadeiras &#82;&#36;&nbsp;1.599,00 &#82;&#36;&nbsp;1.329,00Comprar Mesa Office Estilo Industrial Kuadra Compace Snow &#82;&#36;&nbsp;300,00 &#82;&#36;&nbsp;249,00Comprar Rack Pine Decorativo Sala de Estar Home c\/2 Portas &#82;&#36;&nbsp;699,00 &#82;&#36;&nbsp;499,00Comprar Guarda-Roupa Casal [&hellip;]<\/p>\n","protected":false},"author":5,"featured_media":0,"parent":0,"menu_order":0,"comment_status":"closed","ping_status":"closed","template":"elementor_header_footer","meta":{"footnotes":""},"class_list":["post-526","page","type-page","status-publish","hentry"],"_links":{"self":[{"href":"https:\/\/projetos.verisites.com.br\/mobiliar\/wp-json\/wp\/v2\/pages\/526","targetHints":{"allow":["GET"]}}],"collection":[{"href":"https:\/\/projetos.verisites.com.br\/mobiliar\/wp-json\/wp\/v2\/pages"}],"about":[{"href":"https:\/\/projetos.verisites.com.br\/mobiliar\/wp-json\/wp\/v2\/types\/page"}],"author":[{"embeddable":true,"href":"https:\/\/projetos.verisites.com.br\/mobiliar\/wp-json\/wp\/v2\/users\/5"}],"replies":[{"embeddable":true,"href":"https:\/\/projetos.verisites.com.br\/mobiliar\/wp-json\/wp\/v2\/comments?post=526"}],"version-history":[{"count":0,"href":"https:\/\/projetos.verisites.com.br\/mobiliar\/wp-json\/wp\/v2\/pages\/526\/revisions"}],"wp:attachment":[{"href":"https:\/\/projetos.verisites.com.br\/mobiliar\/wp-json\/wp\/v2\/media?parent=526"}],"curies":[{"name":"wp","href":"https:\/\/api.w.org\/{rel}","templated":true}]}}