{"id":1497,"date":"2022-04-25T17:39:09","date_gmt":"2022-04-25T17:39:09","guid":{"rendered":"https:\/\/projetos.verisites.com.br\/mobiliar\/?page_id=1497"},"modified":"2022-04-25T17:41:53","modified_gmt":"2022-04-25T17:41:53","slug":"politica-de-garantia","status":"publish","type":"page","link":"https:\/\/projetos.verisites.com.br\/mobiliar\/politica-de-garantia\/","title":{"rendered":"Pol\u00edtica de Garantia"},"content":{"rendered":"\t\t<div data-elementor-type=\"wp-page\" data-elementor-id=\"1497\" class=\"elementor elementor-1497\" data-elementor-post-type=\"page\">\n\t\t\t\t\t\t<section class=\"elementor-section elementor-top-section elementor-element elementor-element-f7b1420 elementor-section-boxed elementor-section-height-default elementor-section-height-default\" data-id=\"f7b1420\" data-element_type=\"section\" data-settings=\"{&quot;jet_parallax_layout_list&quot;:[]}\">\n\t\t\t\t\t\t<div class=\"elementor-container elementor-column-gap-default\">\n\t\t\t\t\t<div class=\"elementor-column elementor-col-100 elementor-top-column elementor-element elementor-element-3b586e1\" data-id=\"3b586e1\" data-element_type=\"column\">\n\t\t\t<div class=\"elementor-widget-wrap elementor-element-populated\">\n\t\t\t\t\t\t<div class=\"elementor-element elementor-element-0b82ab8 elementor-widget elementor-widget-text-editor\" data-id=\"0b82ab8\" data-element_type=\"widget\" data-widget_type=\"text-editor.default\">\n\t\t\t\t<div class=\"elementor-widget-container\">\n\t\t\t\t\t\t\t\t\t<h1><strong>MODELO GARANTIA<\/strong><\/h1>\n<div id=\"condicoesgerais\"><strong>Condi\u00e7\u00f5es Gerais<\/strong><\/div>\n<div>\u00a0<\/div>\n<p>&#8211; Todas as ocorr\u00eancias que envolvam troca ou devolu\u00e7\u00e3o devem ser feitas no prazo de at\u00e9 7 (sete) dias corridos, a contar a contar do dia seguinte da data do recebimento do produto.<\/p>\n<p>&#8211; Toda ocorr\u00eancia que envolva troca ou devolu\u00e7\u00e3o, dever\u00e1 ser comunicada a nossa equipe de Televendas do Site . Produtos devolvidos sem essa comunica\u00e7\u00e3o, fora do prazo ou com aus\u00eancia de itens\/acess\u00f3rios que o acompanhem, poder\u00e3o ser reenviados sem consulta pr\u00e9via (a cobrar para o cliente).<\/p>\n<p>&#8211; O produto dever\u00e1 ser encaminhado na embalagem original, com todos os manuais, acess\u00f3rios e acompanhado de todas as vias da nota fiscal + declara\u00e7\u00e3o (para pessoa f\u00edsica) e todas as vias da nota fiscal de origem + nota fiscal de devolu\u00e7\u00e3o (para pessoa jur\u00eddica).<\/p>\n<p>&#8211; Todos os produtos encaminhados \u00e0 Rpw Grupos Geradores por motivo de defeito passar\u00e3o por uma pr\u00e9via an\u00e1lise t\u00e9cnica para verifica\u00e7\u00e3o da exist\u00eancia de defeito de fabrica\u00e7\u00e3o.<\/p>\t\t\t\t\t\t\t\t<\/div>\n\t\t\t\t<\/div>\n\t\t\t\t\t<\/div>\n\t\t<\/div>\n\t\t\t\t\t<\/div>\n\t\t<\/section>\n\t\t\t\t<\/div>\n\t\t","protected":false},"excerpt":{"rendered":"<p>MODELO GARANTIA Condi\u00e7\u00f5es Gerais \u00a0 &#8211; Todas as ocorr\u00eancias que envolvam troca ou devolu\u00e7\u00e3o devem ser feitas no prazo de at\u00e9 7 (sete) dias corridos, a contar a contar do dia seguinte da data do recebimento do produto. &#8211; Toda ocorr\u00eancia que envolva troca ou devolu\u00e7\u00e3o, dever\u00e1 ser comunicada a nossa equipe de Televendas do [&hellip;]<\/p>\n","protected":false},"author":5,"featured_media":0,"parent":0,"menu_order":0,"comment_status":"closed","ping_status":"closed","template":"elementor_header_footer","meta":{"footnotes":""},"class_list":["post-1497","page","type-page","status-publish","hentry"],"_links":{"self":[{"href":"https:\/\/projetos.verisites.com.br\/mobiliar\/wp-json\/wp\/v2\/pages\/1497","targetHints":{"allow":["GET"]}}],"collection":[{"href":"https:\/\/projetos.verisites.com.br\/mobiliar\/wp-json\/wp\/v2\/pages"}],"about":[{"href":"https:\/\/projetos.verisites.com.br\/mobiliar\/wp-json\/wp\/v2\/types\/page"}],"author":[{"embeddable":true,"href":"https:\/\/projetos.verisites.com.br\/mobiliar\/wp-json\/wp\/v2\/users\/5"}],"replies":[{"embeddable":true,"href":"https:\/\/projetos.verisites.com.br\/mobiliar\/wp-json\/wp\/v2\/comments?post=1497"}],"version-history":[{"count":0,"href":"https:\/\/projetos.verisites.com.br\/mobiliar\/wp-json\/wp\/v2\/pages\/1497\/revisions"}],"wp:attachment":[{"href":"https:\/\/projetos.verisites.com.br\/mobiliar\/wp-json\/wp\/v2\/media?parent=1497"}],"curies":[{"name":"wp","href":"https:\/\/api.w.org\/{rel}","templated":true}]}}