{"id":18,"date":"2022-03-28T13:10:37","date_gmt":"2022-03-28T13:10:37","guid":{"rendered":"https:\/\/projetos.verisites.com.br\/menutri\/?page_id=18"},"modified":"2022-08-03T17:48:01","modified_gmt":"2022-08-03T17:48:01","slug":"especialidades","status":"publish","type":"page","link":"https:\/\/projetos.verisites.com.br\/menutri\/especialidades\/","title":{"rendered":"Especialidades"},"content":{"rendered":"\t\t<div data-elementor-type=\"wp-page\" data-elementor-id=\"18\" class=\"elementor elementor-18\" data-elementor-post-type=\"page\">\n\t\t\t\t\t\t\t\t\t<section class=\"elementor-section elementor-top-section elementor-element elementor-element-3e00da7 elementor-section-height-min-height elementor-section-boxed elementor-section-height-default elementor-section-items-middle\" data-id=\"3e00da7\" data-element_type=\"section\" data-settings=\"{&quot;jet_parallax_layout_list&quot;:[],&quot;background_background&quot;:&quot;classic&quot;}\">\n\t\t\t\t\t\t\t<div class=\"elementor-background-overlay\"><\/div>\n\t\t\t\t\t\t\t<div class=\"elementor-container elementor-column-gap-default\">\n\t\t\t\t\t<div class=\"elementor-column elementor-col-100 elementor-top-column elementor-element elementor-element-7de1a60\" data-id=\"7de1a60\" data-element_type=\"column\">\n\t\t\t<div class=\"elementor-widget-wrap elementor-element-populated\">\n\t\t\t\t\t\t\t\t<div class=\"elementor-element elementor-element-b88e13f elementor-invisible elementor-widget elementor-widget-heading\" data-id=\"b88e13f\" data-element_type=\"widget\" data-settings=\"{&quot;_animation&quot;:&quot;fadeInUp&quot;}\" data-widget_type=\"heading.default\">\n\t\t\t\t<div class=\"elementor-widget-container\">\n\t\t\t<style>\/*! elementor - v3.18.0 - 20-12-2023 *\/\n.elementor-heading-title{padding:0;margin:0;line-height:1}.elementor-widget-heading .elementor-heading-title[class*=elementor-size-]>a{color:inherit;font-size:inherit;line-height:inherit}.elementor-widget-heading .elementor-heading-title.elementor-size-small{font-size:15px}.elementor-widget-heading .elementor-heading-title.elementor-size-medium{font-size:19px}.elementor-widget-heading .elementor-heading-title.elementor-size-large{font-size:29px}.elementor-widget-heading .elementor-heading-title.elementor-size-xl{font-size:39px}.elementor-widget-heading .elementor-heading-title.elementor-size-xxl{font-size:59px}<\/style><h2 class=\"elementor-heading-title elementor-size-default\">Especialidades<\/h2>\t\t<\/div>\n\t\t\t\t<\/div>\n\t\t\t\t<div class=\"elementor-element elementor-element-44f5e2b elementor-widget elementor-widget-heading\" data-id=\"44f5e2b\" data-element_type=\"widget\" data-widget_type=\"heading.default\">\n\t\t\t\t<div class=\"elementor-widget-container\">\n\t\t\t<h2 class=\"elementor-heading-title elementor-size-default\">Seja qual for o seu objetivo, estamos nessa com voc\u00ea!<\/h2>\t\t<\/div>\n\t\t\t\t<\/div>\n\t\t\t\t\t<\/div>\n\t\t<\/div>\n\t\t\t\t\t\t\t<\/div>\n\t\t<\/section>\n\t\t\t\t<section class=\"elementor-section elementor-top-section elementor-element elementor-element-366f322 elementor-section-content-middle elementor-section-boxed elementor-section-height-default elementor-section-height-default\" data-id=\"366f322\" data-element_type=\"section\" data-settings=\"{&quot;jet_parallax_layout_list&quot;:[]}\">\n\t\t\t\t\t\t<div class=\"elementor-container elementor-column-gap-default\">\n\t\t\t\t\t<div class=\"elementor-column elementor-col-50 elementor-top-column elementor-element elementor-element-69b1b09\" data-id=\"69b1b09\" data-element_type=\"column\">\n\t\t\t<div class=\"elementor-widget-wrap elementor-element-populated\">\n\t\t\t\t\t\t\t\t<div class=\"elementor-element elementor-element-069c49a elementor-invisible elementor-widget elementor-widget-image\" data-id=\"069c49a\" data-element_type=\"widget\" data-settings=\"{&quot;_animation&quot;:&quot;fadeInLeft&quot;}\" data-widget_type=\"image.default\">\n\t\t\t\t<div class=\"elementor-widget-container\">\n\t\t\t<style>\/*! elementor - v3.18.0 - 20-12-2023 *\/\n.elementor-widget-image{text-align:center}.elementor-widget-image a{display:inline-block}.elementor-widget-image a img[src$=\".svg\"]{width:48px}.elementor-widget-image img{vertical-align:middle;display:inline-block}<\/style>\t\t\t\t\t\t\t\t\t\t\t\t<img decoding=\"async\" width=\"75\" height=\"75\" src=\"https:\/\/projetos.verisites.com.br\/menutri\/wp-content\/uploads\/2022\/08\/Icon_doctor-e1659548404358.png\" class=\"attachment-full size-full wp-image-739\" alt=\"\" \/>\t\t\t\t\t\t\t\t\t\t\t\t\t\t\t<\/div>\n\t\t\t\t<\/div>\n\t\t\t\t<div class=\"elementor-element elementor-element-23140f5 elementor-invisible elementor-widget elementor-widget-heading\" data-id=\"23140f5\" data-element_type=\"widget\" data-settings=\"{&quot;_animation&quot;:&quot;fadeInLeft&quot;}\" data-widget_type=\"heading.default\">\n\t\t\t\t<div class=\"elementor-widget-container\">\n\t\t\t<h2 class=\"elementor-heading-title elementor-size-default\">Nutri\u00e7\u00e3o Cl\u00ednica<\/h2>\t\t<\/div>\n\t\t\t\t<\/div>\n\t\t\t\t<div class=\"elementor-element elementor-element-98d6238 elementor-invisible elementor-widget elementor-widget-text-editor\" data-id=\"98d6238\" data-element_type=\"widget\" data-settings=\"{&quot;_animation&quot;:&quot;fadeInLeft&quot;}\" data-widget_type=\"text-editor.default\">\n\t\t\t\t<div class=\"elementor-widget-container\">\n\t\t\t<style>\/*! elementor - v3.18.0 - 20-12-2023 *\/\n.elementor-widget-text-editor.elementor-drop-cap-view-stacked .elementor-drop-cap{background-color:#69727d;color:#fff}.elementor-widget-text-editor.elementor-drop-cap-view-framed .elementor-drop-cap{color:#69727d;border:3px solid;background-color:transparent}.elementor-widget-text-editor:not(.elementor-drop-cap-view-default) .elementor-drop-cap{margin-top:8px}.elementor-widget-text-editor:not(.elementor-drop-cap-view-default) .elementor-drop-cap-letter{width:1em;height:1em}.elementor-widget-text-editor .elementor-drop-cap{float:left;text-align:center;line-height:1;font-size:50px}.elementor-widget-text-editor .elementor-drop-cap-letter{display:inline-block}<\/style>\t\t\t\t<p>Lorem ipsum convallis congue curabitur, tempor egestas porta luctus litora, sem accumsan non. molestie sed habitant ut nisi nibh sagittis volutpat, taciti potenti diam sagittis fames sagittis aptent, adipiscing cubilia quisque orci tincidunt elementum. at senectus quisque velit non per porta etiam eget id, mi platea imperdiet eleifend ante cras nisl proin, consequat netus pharetra bibendum etiam est lacinia dui. ultricies quam aenean aliquet habitant venenatis donec porta porttitor, mattis eget vel etiam aenean mauris dui porta phasellus.<br \/><br \/>Lorem ipsum convallis congue curabitur, tempor egestas porta luctus litora, sem accumsan non. molestie sed habitant ut nisi nibh sagittis volutpat, taciti potenti diam sagittis fames sagittis aptent, adipiscing cubilia quisque orci tincidunt elementum. at senectus quisque velit non per porta etiam eget id, mi platea imperdiet eleifend ante cras nisl proin, consequat netus pharetra bibendum etiam est lacinia dui. ultricies quam aenean aliquet habitant venenatis donec porta porttitor, mattis eget vel etiam aenean mauris dui porta phasellus.<\/p>\t\t\t\t\t\t<\/div>\n\t\t\t\t<\/div>\n\t\t\t\t\t<\/div>\n\t\t<\/div>\n\t\t\t\t<div class=\"elementor-column elementor-col-50 elementor-top-column elementor-element elementor-element-56d8834\" data-id=\"56d8834\" data-element_type=\"column\">\n\t\t\t<div class=\"elementor-widget-wrap elementor-element-populated\">\n\t\t\t\t\t\t\t\t<div class=\"elementor-element elementor-element-6719c55 elementor-invisible elementor-widget elementor-widget-image\" data-id=\"6719c55\" data-element_type=\"widget\" data-settings=\"{&quot;_animation&quot;:&quot;fadeInRight&quot;}\" data-widget_type=\"image.default\">\n\t\t\t\t<div class=\"elementor-widget-container\">\n\t\t\t\t\t\t\t\t\t\t\t\t\t\t\t<img fetchpriority=\"high\" decoding=\"async\" width=\"780\" height=\"684\" src=\"https:\/\/projetos.verisites.com.br\/menutri\/wp-content\/uploads\/2022\/03\/nutricao-clinica.png\" class=\"attachment-large size-large wp-image-383\" alt=\"\" srcset=\"https:\/\/projetos.verisites.com.br\/menutri\/wp-content\/uploads\/2022\/03\/nutricao-clinica.png 780w, https:\/\/projetos.verisites.com.br\/menutri\/wp-content\/uploads\/2022\/03\/nutricao-clinica-300x263.png 300w, https:\/\/projetos.verisites.com.br\/menutri\/wp-content\/uploads\/2022\/03\/nutricao-clinica-768x673.png 768w\" sizes=\"(max-width: 780px) 100vw, 780px\" \/>\t\t\t\t\t\t\t\t\t\t\t\t\t\t\t<\/div>\n\t\t\t\t<\/div>\n\t\t\t\t\t<\/div>\n\t\t<\/div>\n\t\t\t\t\t\t\t<\/div>\n\t\t<\/section>\n\t\t\t\t<section class=\"elementor-section elementor-top-section elementor-element elementor-element-64a9f11 elementor-section-content-middle elementor-reverse-mobile elementor-section-boxed elementor-section-height-default elementor-section-height-default\" data-id=\"64a9f11\" data-element_type=\"section\" data-settings=\"{&quot;jet_parallax_layout_list&quot;:[]}\">\n\t\t\t\t\t\t<div class=\"elementor-container elementor-column-gap-default\">\n\t\t\t\t\t<div class=\"elementor-column elementor-col-50 elementor-top-column elementor-element elementor-element-8ade174\" data-id=\"8ade174\" data-element_type=\"column\">\n\t\t\t<div class=\"elementor-widget-wrap elementor-element-populated\">\n\t\t\t\t\t\t\t\t<div class=\"elementor-element elementor-element-e447c65 elementor-invisible elementor-widget elementor-widget-image\" data-id=\"e447c65\" data-element_type=\"widget\" data-settings=\"{&quot;_animation&quot;:&quot;fadeInLeft&quot;}\" data-widget_type=\"image.default\">\n\t\t\t\t<div class=\"elementor-widget-container\">\n\t\t\t\t\t\t\t\t\t\t\t\t\t\t\t<img fetchpriority=\"high\" decoding=\"async\" width=\"780\" height=\"684\" src=\"https:\/\/projetos.verisites.com.br\/menutri\/wp-content\/uploads\/2022\/03\/nutricao-clinica.png\" class=\"attachment-large size-large wp-image-383\" alt=\"\" srcset=\"https:\/\/projetos.verisites.com.br\/menutri\/wp-content\/uploads\/2022\/03\/nutricao-clinica.png 780w, https:\/\/projetos.verisites.com.br\/menutri\/wp-content\/uploads\/2022\/03\/nutricao-clinica-300x263.png 300w, https:\/\/projetos.verisites.com.br\/menutri\/wp-content\/uploads\/2022\/03\/nutricao-clinica-768x673.png 768w\" sizes=\"(max-width: 780px) 100vw, 780px\" \/>\t\t\t\t\t\t\t\t\t\t\t\t\t\t\t<\/div>\n\t\t\t\t<\/div>\n\t\t\t\t\t<\/div>\n\t\t<\/div>\n\t\t\t\t<div class=\"elementor-column elementor-col-50 elementor-top-column elementor-element elementor-element-d23fc80\" data-id=\"d23fc80\" data-element_type=\"column\">\n\t\t\t<div class=\"elementor-widget-wrap elementor-element-populated\">\n\t\t\t\t\t\t\t\t<div class=\"elementor-element elementor-element-4ba2fdf elementor-invisible elementor-widget elementor-widget-image\" data-id=\"4ba2fdf\" data-element_type=\"widget\" data-settings=\"{&quot;_animation&quot;:&quot;fadeInRight&quot;}\" data-widget_type=\"image.default\">\n\t\t\t\t<div class=\"elementor-widget-container\">\n\t\t\t\t\t\t\t\t\t\t\t\t\t\t\t<img decoding=\"async\" width=\"88\" height=\"88\" src=\"https:\/\/projetos.verisites.com.br\/menutri\/wp-content\/uploads\/2022\/08\/icon_gym.png\" class=\"attachment-full size-full wp-image-744\" alt=\"\" \/>\t\t\t\t\t\t\t\t\t\t\t\t\t\t\t<\/div>\n\t\t\t\t<\/div>\n\t\t\t\t<div class=\"elementor-element elementor-element-68a5f3e elementor-invisible elementor-widget elementor-widget-heading\" data-id=\"68a5f3e\" data-element_type=\"widget\" data-settings=\"{&quot;_animation&quot;:&quot;fadeInRight&quot;}\" data-widget_type=\"heading.default\">\n\t\t\t\t<div class=\"elementor-widget-container\">\n\t\t\t<h2 class=\"elementor-heading-title elementor-size-default\">Nutri\u00e7\u00e3o Esportiva<\/h2>\t\t<\/div>\n\t\t\t\t<\/div>\n\t\t\t\t<div class=\"elementor-element elementor-element-45f614c elementor-invisible elementor-widget elementor-widget-text-editor\" data-id=\"45f614c\" data-element_type=\"widget\" data-settings=\"{&quot;_animation&quot;:&quot;fadeInRight&quot;}\" data-widget_type=\"text-editor.default\">\n\t\t\t\t<div class=\"elementor-widget-container\">\n\t\t\t\t\t\t\t<p>Lorem ipsum convallis congue curabitur, tempor egestas porta luctus litora, sem accumsan non. molestie sed habitant ut nisi nibh sagittis volutpat, taciti potenti diam sagittis fames sagittis aptent, adipiscing cubilia quisque orci tincidunt elementum. at senectus quisque velit non per porta etiam eget id, mi platea imperdiet eleifend ante cras nisl proin, consequat netus pharetra bibendum etiam est lacinia dui. ultricies quam aenean aliquet habitant venenatis donec porta porttitor, mattis eget vel etiam aenean mauris dui porta phasellus.<br \/><br \/>Lorem ipsum convallis congue curabitur, tempor egestas porta luctus litora, sem accumsan non. molestie sed habitant ut nisi nibh sagittis volutpat, taciti potenti diam sagittis fames sagittis aptent, adipiscing cubilia quisque orci tincidunt elementum. at senectus quisque velit non per porta etiam eget id, mi platea imperdiet eleifend ante cras nisl proin, consequat netus pharetra bibendum etiam est lacinia dui. ultricies quam aenean aliquet habitant venenatis donec porta porttitor, mattis eget vel etiam aenean mauris dui porta phasellus.<\/p>\t\t\t\t\t\t<\/div>\n\t\t\t\t<\/div>\n\t\t\t\t\t<\/div>\n\t\t<\/div>\n\t\t\t\t\t\t\t<\/div>\n\t\t<\/section>\n\t\t\t\t<section class=\"elementor-section elementor-top-section elementor-element elementor-element-9952e95 elementor-section-content-middle elementor-section-boxed elementor-section-height-default elementor-section-height-default\" data-id=\"9952e95\" data-element_type=\"section\" data-settings=\"{&quot;jet_parallax_layout_list&quot;:[]}\">\n\t\t\t\t\t\t<div class=\"elementor-container elementor-column-gap-default\">\n\t\t\t\t\t<div class=\"elementor-column elementor-col-50 elementor-top-column elementor-element elementor-element-0c93dd7\" data-id=\"0c93dd7\" data-element_type=\"column\">\n\t\t\t<div class=\"elementor-widget-wrap elementor-element-populated\">\n\t\t\t\t\t\t\t\t<div class=\"elementor-element elementor-element-8ab3d63 elementor-invisible elementor-widget elementor-widget-image\" data-id=\"8ab3d63\" data-element_type=\"widget\" data-settings=\"{&quot;_animation&quot;:&quot;fadeInLeft&quot;}\" data-widget_type=\"image.default\">\n\t\t\t\t<div class=\"elementor-widget-container\">\n\t\t\t\t\t\t\t\t\t\t\t\t\t\t\t<img loading=\"lazy\" decoding=\"async\" width=\"88\" height=\"88\" src=\"https:\/\/projetos.verisites.com.br\/menutri\/wp-content\/uploads\/2022\/08\/icon_list.png\" class=\"attachment-full size-full wp-image-745\" alt=\"\" \/>\t\t\t\t\t\t\t\t\t\t\t\t\t\t\t<\/div>\n\t\t\t\t<\/div>\n\t\t\t\t<div class=\"elementor-element elementor-element-ad4cc65 elementor-invisible elementor-widget elementor-widget-heading\" data-id=\"ad4cc65\" data-element_type=\"widget\" data-settings=\"{&quot;_animation&quot;:&quot;fadeInLeft&quot;}\" data-widget_type=\"heading.default\">\n\t\t\t\t<div class=\"elementor-widget-container\">\n\t\t\t<h2 class=\"elementor-heading-title elementor-size-default\">Consultoria Nutricional<\/h2>\t\t<\/div>\n\t\t\t\t<\/div>\n\t\t\t\t<div class=\"elementor-element elementor-element-6a74d29 elementor-invisible elementor-widget elementor-widget-text-editor\" data-id=\"6a74d29\" data-element_type=\"widget\" data-settings=\"{&quot;_animation&quot;:&quot;fadeInLeft&quot;}\" data-widget_type=\"text-editor.default\">\n\t\t\t\t<div class=\"elementor-widget-container\">\n\t\t\t\t\t\t\t<p>Lorem ipsum convallis congue curabitur, tempor egestas porta luctus litora, sem accumsan non. molestie sed habitant ut nisi nibh sagittis volutpat, taciti potenti diam sagittis fames sagittis aptent, adipiscing cubilia quisque orci tincidunt elementum. at senectus quisque velit non per porta etiam eget id, mi platea imperdiet eleifend ante cras nisl proin, consequat netus pharetra bibendum etiam est lacinia dui. ultricies quam aenean aliquet habitant venenatis donec porta porttitor, mattis eget vel etiam aenean mauris dui porta phasellus.<br \/><br \/>Lorem ipsum convallis congue curabitur, tempor egestas porta luctus litora, sem accumsan non. molestie sed habitant ut nisi nibh sagittis volutpat, taciti potenti diam sagittis fames sagittis aptent, adipiscing cubilia quisque orci tincidunt elementum. at senectus quisque velit non per porta etiam eget id, mi platea imperdiet eleifend ante cras nisl proin, consequat netus pharetra bibendum etiam est lacinia dui. ultricies quam aenean aliquet habitant venenatis donec porta porttitor, mattis eget vel etiam aenean mauris dui porta phasellus.<\/p>\t\t\t\t\t\t<\/div>\n\t\t\t\t<\/div>\n\t\t\t\t\t<\/div>\n\t\t<\/div>\n\t\t\t\t<div class=\"elementor-column elementor-col-50 elementor-top-column elementor-element elementor-element-a495a0c\" data-id=\"a495a0c\" data-element_type=\"column\">\n\t\t\t<div class=\"elementor-widget-wrap elementor-element-populated\">\n\t\t\t\t\t\t\t\t<div class=\"elementor-element elementor-element-4b85dac elementor-invisible elementor-widget elementor-widget-image\" data-id=\"4b85dac\" data-element_type=\"widget\" data-settings=\"{&quot;_animation&quot;:&quot;fadeInRight&quot;}\" data-widget_type=\"image.default\">\n\t\t\t\t<div class=\"elementor-widget-container\">\n\t\t\t\t\t\t\t\t\t\t\t\t\t\t\t<img loading=\"lazy\" decoding=\"async\" width=\"780\" height=\"684\" src=\"https:\/\/projetos.verisites.com.br\/menutri\/wp-content\/uploads\/2022\/03\/consultoria-nutricional.png\" class=\"attachment-large size-large wp-image-539\" alt=\"\" srcset=\"https:\/\/projetos.verisites.com.br\/menutri\/wp-content\/uploads\/2022\/03\/consultoria-nutricional.png 780w, https:\/\/projetos.verisites.com.br\/menutri\/wp-content\/uploads\/2022\/03\/consultoria-nutricional-300x263.png 300w, https:\/\/projetos.verisites.com.br\/menutri\/wp-content\/uploads\/2022\/03\/consultoria-nutricional-768x673.png 768w\" sizes=\"(max-width: 780px) 100vw, 780px\" \/>\t\t\t\t\t\t\t\t\t\t\t\t\t\t\t<\/div>\n\t\t\t\t<\/div>\n\t\t\t\t\t<\/div>\n\t\t<\/div>\n\t\t\t\t\t\t\t<\/div>\n\t\t<\/section>\n\t\t\t\t<section class=\"elementor-section elementor-top-section elementor-element elementor-element-04178ed elementor-section-content-middle elementor-reverse-mobile elementor-section-boxed elementor-section-height-default elementor-section-height-default\" data-id=\"04178ed\" data-element_type=\"section\" data-settings=\"{&quot;jet_parallax_layout_list&quot;:[]}\">\n\t\t\t\t\t\t<div class=\"elementor-container elementor-column-gap-default\">\n\t\t\t\t\t<div class=\"elementor-column elementor-col-50 elementor-top-column elementor-element elementor-element-58835f7\" data-id=\"58835f7\" data-element_type=\"column\">\n\t\t\t<div class=\"elementor-widget-wrap elementor-element-populated\">\n\t\t\t\t\t\t\t\t<div class=\"elementor-element elementor-element-57180e1 elementor-invisible elementor-widget elementor-widget-image\" data-id=\"57180e1\" data-element_type=\"widget\" data-settings=\"{&quot;_animation&quot;:&quot;fadeInLeft&quot;}\" data-widget_type=\"image.default\">\n\t\t\t\t<div class=\"elementor-widget-container\">\n\t\t\t\t\t\t\t\t\t\t\t\t\t\t\t<img loading=\"lazy\" decoding=\"async\" width=\"780\" height=\"684\" src=\"https:\/\/projetos.verisites.com.br\/menutri\/wp-content\/uploads\/2022\/03\/Coach-nutricional.png\" class=\"attachment-large size-large wp-image-540\" alt=\"\" srcset=\"https:\/\/projetos.verisites.com.br\/menutri\/wp-content\/uploads\/2022\/03\/Coach-nutricional.png 780w, https:\/\/projetos.verisites.com.br\/menutri\/wp-content\/uploads\/2022\/03\/Coach-nutricional-300x263.png 300w, https:\/\/projetos.verisites.com.br\/menutri\/wp-content\/uploads\/2022\/03\/Coach-nutricional-768x673.png 768w\" sizes=\"(max-width: 780px) 100vw, 780px\" \/>\t\t\t\t\t\t\t\t\t\t\t\t\t\t\t<\/div>\n\t\t\t\t<\/div>\n\t\t\t\t\t<\/div>\n\t\t<\/div>\n\t\t\t\t<div class=\"elementor-column elementor-col-50 elementor-top-column elementor-element elementor-element-cff31d8\" data-id=\"cff31d8\" data-element_type=\"column\">\n\t\t\t<div class=\"elementor-widget-wrap elementor-element-populated\">\n\t\t\t\t\t\t\t\t<div class=\"elementor-element elementor-element-f44a72d elementor-invisible elementor-widget elementor-widget-image\" data-id=\"f44a72d\" data-element_type=\"widget\" data-settings=\"{&quot;_animation&quot;:&quot;fadeInRight&quot;}\" data-widget_type=\"image.default\">\n\t\t\t\t<div class=\"elementor-widget-container\">\n\t\t\t\t\t\t\t\t\t\t\t\t\t\t\t<img loading=\"lazy\" decoding=\"async\" width=\"88\" height=\"88\" src=\"https:\/\/projetos.verisites.com.br\/menutri\/wp-content\/uploads\/2022\/08\/icon_graph.png\" class=\"attachment-full size-full wp-image-743\" alt=\"\" \/>\t\t\t\t\t\t\t\t\t\t\t\t\t\t\t<\/div>\n\t\t\t\t<\/div>\n\t\t\t\t<div class=\"elementor-element elementor-element-576634d elementor-invisible elementor-widget elementor-widget-heading\" data-id=\"576634d\" data-element_type=\"widget\" data-settings=\"{&quot;_animation&quot;:&quot;fadeInRight&quot;}\" data-widget_type=\"heading.default\">\n\t\t\t\t<div class=\"elementor-widget-container\">\n\t\t\t<h2 class=\"elementor-heading-title elementor-size-default\">Coach Nutricional<\/h2>\t\t<\/div>\n\t\t\t\t<\/div>\n\t\t\t\t<div class=\"elementor-element elementor-element-fe5c1ab elementor-invisible elementor-widget elementor-widget-text-editor\" data-id=\"fe5c1ab\" data-element_type=\"widget\" data-settings=\"{&quot;_animation&quot;:&quot;fadeInRight&quot;}\" data-widget_type=\"text-editor.default\">\n\t\t\t\t<div class=\"elementor-widget-container\">\n\t\t\t\t\t\t\t<p>Lorem ipsum convallis congue curabitur, tempor egestas porta luctus litora, sem accumsan non. molestie sed habitant ut nisi nibh sagittis volutpat, taciti potenti diam sagittis fames sagittis aptent, adipiscing cubilia quisque orci tincidunt elementum. at senectus quisque velit non per porta etiam eget id, mi platea imperdiet eleifend ante cras nisl proin, consequat netus pharetra bibendum etiam est lacinia dui. ultricies quam aenean aliquet habitant venenatis donec porta porttitor, mattis eget vel etiam aenean mauris dui porta phasellus.<br \/><br \/>Lorem ipsum convallis congue curabitur, tempor egestas porta luctus litora, sem accumsan non. molestie sed habitant ut nisi nibh sagittis volutpat, taciti potenti diam sagittis fames sagittis aptent, adipiscing cubilia quisque orci tincidunt elementum. at senectus quisque velit non per porta etiam eget id, mi platea imperdiet eleifend ante cras nisl proin, consequat netus pharetra bibendum etiam est lacinia dui. ultricies quam aenean aliquet habitant venenatis donec porta porttitor, mattis eget vel etiam aenean mauris dui porta phasellus.<\/p>\t\t\t\t\t\t<\/div>\n\t\t\t\t<\/div>\n\t\t\t\t\t<\/div>\n\t\t<\/div>\n\t\t\t\t\t\t\t<\/div>\n\t\t<\/section>\n\t\t\t\t\t\t\t<\/div>\n\t\t","protected":false},"excerpt":{"rendered":"<p>Especialidades Seja qual for o seu objetivo, estamos nessa com voc\u00ea! Nutri\u00e7\u00e3o Cl\u00ednica Lorem ipsum convallis congue curabitur, tempor egestas porta luctus litora, sem accumsan non. molestie sed habitant ut nisi nibh sagittis volutpat, taciti potenti diam sagittis fames sagittis aptent, adipiscing cubilia quisque orci tincidunt elementum. at senectus quisque velit non per porta etiam [&hellip;]<\/p>\n","protected":false},"author":3,"featured_media":0,"parent":0,"menu_order":0,"comment_status":"closed","ping_status":"closed","template":"elementor_header_footer","meta":{"footnotes":""},"_links":{"self":[{"href":"https:\/\/projetos.verisites.com.br\/menutri\/wp-json\/wp\/v2\/pages\/18"}],"collection":[{"href":"https:\/\/projetos.verisites.com.br\/menutri\/wp-json\/wp\/v2\/pages"}],"about":[{"href":"https:\/\/projetos.verisites.com.br\/menutri\/wp-json\/wp\/v2\/types\/page"}],"author":[{"embeddable":true,"href":"https:\/\/projetos.verisites.com.br\/menutri\/wp-json\/wp\/v2\/users\/3"}],"replies":[{"embeddable":true,"href":"https:\/\/projetos.verisites.com.br\/menutri\/wp-json\/wp\/v2\/comments?post=18"}],"version-history":[{"count":0,"href":"https:\/\/projetos.verisites.com.br\/menutri\/wp-json\/wp\/v2\/pages\/18\/revisions"}],"wp:attachment":[{"href":"https:\/\/projetos.verisites.com.br\/menutri\/wp-json\/wp\/v2\/media?parent=18"}],"curies":[{"name":"wp","href":"https:\/\/api.w.org\/{rel}","templated":true}]}}